{"id":1050,"date":"2023-08-12T14:42:38","date_gmt":"2023-08-12T14:42:38","guid":{"rendered":"https:\/\/turhdeconfianza.com\/?page_id=1050"},"modified":"2023-08-31T01:27:05","modified_gmt":"2023-08-31T01:27:05","slug":"vacante-community-manager","status":"publish","type":"page","link":"https:\/\/turhdeconfianza.com\/index.php\/vacante-community-manager\/","title":{"rendered":"Vacante Community Manager"},"content":{"rendered":"\t\t<div data-elementor-type=\"wp-page\" data-elementor-id=\"1050\" class=\"elementor elementor-1050\">\n\t\t\t\t\t\t\t\t\t<section class=\"elementor-section elementor-top-section elementor-element elementor-element-16153d61 elementor-section-content-middle elementor-section-boxed elementor-section-height-default elementor-section-height-default\" data-id=\"16153d61\" data-element_type=\"section\">\n\t\t\t\t\t\t<div class=\"elementor-container elementor-column-gap-no\">\n\t\t\t\t\t<div class=\"elementor-column elementor-col-100 elementor-top-column elementor-element elementor-element-32e64ee\" data-id=\"32e64ee\" data-element_type=\"column\">\n\t\t\t<div class=\"elementor-widget-wrap elementor-element-populated\">\n\t\t\t\t\t\t\t\t<div class=\"elementor-element elementor-element-517a941e elementor-widget elementor-widget-heading\" data-id=\"517a941e\" data-element_type=\"widget\" data-widget_type=\"heading.default\">\n\t\t\t\t<div class=\"elementor-widget-container\">\n\t\t\t<style>\/*! elementor - v3.15.0 - 20-08-2023 *\/\n.elementor-heading-title{padding:0;margin:0;line-height:1}.elementor-widget-heading .elementor-heading-title[class*=elementor-size-]>a{color:inherit;font-size:inherit;line-height:inherit}.elementor-widget-heading .elementor-heading-title.elementor-size-small{font-size:15px}.elementor-widget-heading .elementor-heading-title.elementor-size-medium{font-size:19px}.elementor-widget-heading .elementor-heading-title.elementor-size-large{font-size:29px}.elementor-widget-heading .elementor-heading-title.elementor-size-xl{font-size:39px}.elementor-widget-heading .elementor-heading-title.elementor-size-xxl{font-size:59px}<\/style><h1 class=\"elementor-heading-title elementor-size-default\">Community Manager<br>(Medio Tiempo - H\u00edbrido)<\/h1>\t\t<\/div>\n\t\t\t\t<\/div>\n\t\t\t\t<div class=\"elementor-element elementor-element-02da11a elementor-widget elementor-widget-text-editor\" data-id=\"02da11a\" data-element_type=\"widget\" data-widget_type=\"text-editor.default\">\n\t\t\t\t<div class=\"elementor-widget-container\">\n\t\t\t<style>\/*! elementor - v3.15.0 - 20-08-2023 *\/\n.elementor-widget-text-editor.elementor-drop-cap-view-stacked .elementor-drop-cap{background-color:#69727d;color:#fff}.elementor-widget-text-editor.elementor-drop-cap-view-framed .elementor-drop-cap{color:#69727d;border:3px solid;background-color:transparent}.elementor-widget-text-editor:not(.elementor-drop-cap-view-default) .elementor-drop-cap{margin-top:8px}.elementor-widget-text-editor:not(.elementor-drop-cap-view-default) .elementor-drop-cap-letter{width:1em;height:1em}.elementor-widget-text-editor .elementor-drop-cap{float:left;text-align:center;line-height:1;font-size:50px}.elementor-widget-text-editor .elementor-drop-cap-letter{display:inline-block}<\/style>\t\t\t\t<p style=\"text-align: center;\">Empresa confidencial\u00a0<\/p><p><span style=\"font-weight: 300; text-align: center;\">Empresa l\u00edder con 5 a\u00f1os de experiencia en el campo de la innovaci\u00f3n y estrategia digital. Nos enorgullecemos de crear soluciones vanguardistas para nuestros clientes, impulsando su presencia en l\u00ednea y creando conexiones significativas con su audiencia.<\/span><\/p>\t\t\t\t\t\t<\/div>\n\t\t\t\t<\/div>\n\t\t\t\t<div class=\"elementor-element elementor-element-daa3a8b elementor-align-center elementor-widget elementor-widget-button\" data-id=\"daa3a8b\" data-element_type=\"widget\" data-widget_type=\"button.default\">\n\t\t\t\t<div class=\"elementor-widget-container\">\n\t\t\t\t\t<div class=\"elementor-button-wrapper\">\n\t\t\t<a class=\"elementor-button elementor-button-link elementor-size-sm\" href=\"https:\/\/turhdeconfianza.com\/index.php\/vacantes\/\">\n\t\t\t\t\t\t<span class=\"elementor-button-content-wrapper\">\n\t\t\t\t\t\t<span class=\"elementor-button-text\">Cont\u00e1ctanos<\/span>\n\t\t<\/span>\n\t\t\t\t\t<\/a>\n\t\t<\/div>\n\t\t\t\t<\/div>\n\t\t\t\t<\/div>\n\t\t\t\t\t<\/div>\n\t\t<\/div>\n\t\t\t\t\t\t\t<\/div>\n\t\t<\/section>\n\t\t\t\t<section class=\"elementor-section elementor-top-section elementor-element elementor-element-168f82e5 elementor-section-full_width elementor-section-content-middle elementor-section-height-default elementor-section-height-default\" data-id=\"168f82e5\" data-element_type=\"section\" data-settings=\"{&quot;background_background&quot;:&quot;classic&quot;}\">\n\t\t\t\t\t\t<div class=\"elementor-container elementor-column-gap-no\">\n\t\t\t\t\t<div class=\"elementor-column elementor-col-50 elementor-top-column elementor-element elementor-element-4f928cf1\" data-id=\"4f928cf1\" data-element_type=\"column\" data-settings=\"{&quot;background_background&quot;:&quot;classic&quot;}\">\n\t\t\t<div class=\"elementor-widget-wrap\">\n\t\t\t\t\t<div class=\"elementor-background-overlay\"><\/div>\n\t\t\t\t\t\t\t\t\t<\/div>\n\t\t<\/div>\n\t\t\t\t<div class=\"elementor-column elementor-col-50 elementor-top-column elementor-element elementor-element-3dc54735\" data-id=\"3dc54735\" data-element_type=\"column\">\n\t\t\t<div class=\"elementor-widget-wrap elementor-element-populated\">\n\t\t\t\t\t\t\t\t<div class=\"elementor-element elementor-element-316a622 elementor-widget elementor-widget-heading\" data-id=\"316a622\" data-element_type=\"widget\" data-widget_type=\"heading.default\">\n\t\t\t\t<div class=\"elementor-widget-container\">\n\t\t\t<h3 class=\"elementor-heading-title elementor-size-default\">Requisitos<\/h3>\t\t<\/div>\n\t\t\t\t<\/div>\n\t\t\t\t<div class=\"elementor-element elementor-element-484694d elementor-widget elementor-widget-text-editor\" data-id=\"484694d\" data-element_type=\"widget\" data-widget_type=\"text-editor.default\">\n\t\t\t\t<div class=\"elementor-widget-container\">\n\t\t\t\t\t\t\t<ul><li><span style=\"font-style: inherit; font-weight: inherit;\">Estudiantes activos de 4to semestre en adelante en carreras afines (Comunicaci\u00f3n, Marketing, Publicidad, entre otros).<\/span><\/li><li>Pasi\u00f3n por las redes sociales, las \u00faltimas tendencias digitales y la creaci\u00f3n de contenido impactante.<\/li><li>Habilidades s\u00f3lidas de comunicaci\u00f3n escrita y verbal en espa\u00f1ol.<\/li><li>Creatividad para desarrollar estrategias de contenido innovadoras y atractivas.<\/li><li>Conocimiento b\u00e1sico de herramientas de gesti\u00f3n de redes sociales (Hootsuite, Buffer, etc.).<\/li><li>Capacidad para trabajar de manera efectiva tanto en un entorno de oficina como en modalidad home office.<\/li><\/ul>\t\t\t\t\t\t<\/div>\n\t\t\t\t<\/div>\n\t\t\t\t\t<\/div>\n\t\t<\/div>\n\t\t\t\t\t\t\t<\/div>\n\t\t<\/section>\n\t\t\t\t<section class=\"elementor-section elementor-top-section elementor-element elementor-element-9211b77 elementor-section-full_width elementor-section-content-middle elementor-section-height-default elementor-section-height-default\" data-id=\"9211b77\" data-element_type=\"section\" data-settings=\"{&quot;background_background&quot;:&quot;classic&quot;}\">\n\t\t\t\t\t\t<div class=\"elementor-container elementor-column-gap-no\">\n\t\t\t\t\t<div class=\"elementor-column elementor-col-50 elementor-top-column elementor-element elementor-element-32f7846\" data-id=\"32f7846\" data-element_type=\"column\">\n\t\t\t<div class=\"elementor-widget-wrap elementor-element-populated\">\n\t\t\t\t\t\t\t\t<div class=\"elementor-element elementor-element-71288836 elementor-widget elementor-widget-heading\" data-id=\"71288836\" data-element_type=\"widget\" data-widget_type=\"heading.default\">\n\t\t\t\t<div class=\"elementor-widget-container\">\n\t\t\t<h3 class=\"elementor-heading-title elementor-size-default\">Responsabilidades<\/h3>\t\t<\/div>\n\t\t\t\t<\/div>\n\t\t\t\t<div class=\"elementor-element elementor-element-42d179ef elementor-widget elementor-widget-text-editor\" data-id=\"42d179ef\" data-element_type=\"widget\" data-widget_type=\"text-editor.default\">\n\t\t\t\t<div class=\"elementor-widget-container\">\n\t\t\t\t\t\t\t<ul><li><span style=\"font-style: inherit; font-weight: inherit;\">Desarrollar y ejecutar estrategias de contenido para diversas plataformas de redes sociales.<\/span><\/li><li>Crear y publicar contenido relevante, atractivo y de alta calidad que refleje la voz y la identidad de la marca.<\/li><li>Gestionar y monitorear las redes sociales, interactuando con la comunidad, respondiendo preguntas y comentarios de manera oportuna y emp\u00e1tica.<\/li><li>Colaborar con el equipo de marketing para alinear las iniciativas de redes sociales con los objetivos generales de la empresa.<\/li><li>Mantenerse al tanto de las tendencias digitales y los cambios en los algoritmos de las redes sociales.<\/li><\/ul>\t\t\t\t\t\t<\/div>\n\t\t\t\t<\/div>\n\t\t\t\t\t<\/div>\n\t\t<\/div>\n\t\t\t\t<div class=\"elementor-column elementor-col-50 elementor-top-column elementor-element elementor-element-c49cbf5\" data-id=\"c49cbf5\" data-element_type=\"column\">\n\t\t\t<div class=\"elementor-widget-wrap elementor-element-populated\">\n\t\t\t\t\t\t\t\t<div class=\"elementor-element elementor-element-bcac585 elementor-widget elementor-widget-heading\" data-id=\"bcac585\" data-element_type=\"widget\" data-widget_type=\"heading.default\">\n\t\t\t\t<div class=\"elementor-widget-container\">\n\t\t\t<h3 class=\"elementor-heading-title elementor-size-default\">Ofrecemos<\/h3>\t\t<\/div>\n\t\t\t\t<\/div>\n\t\t\t\t<div class=\"elementor-element elementor-element-e26d893 elementor-widget elementor-widget-text-editor\" data-id=\"e26d893\" data-element_type=\"widget\" data-widget_type=\"text-editor.default\">\n\t\t\t\t<div class=\"elementor-widget-container\">\n\t\t\t\t\t\t\t<ul>\n<li>Oportunidad de adquirir experiencia pr\u00e1ctica en el campo de la estrategia y gesti\u00f3n de redes sociales.<\/li>\n<li style=\"font-style: normal; font-size: 16px;\">Entorno de trabajo flexible y din\u00e1mico, con la posibilidad de trabajo h\u00edbrido (oficina y home office).<\/li>\n<li style=\"font-style: normal; font-size: 16px;\">Colaboraci\u00f3n con un equipo apasionado y comprometido en un ambiente de aprendizaje continuo.<\/li>\n<li style=\"font-style: normal; font-size: 16px;\">Posibilidad de crecimiento y desarrollo profesional a medida que contribuyes al \u00e9xito de la empresa.<\/li>\n<li style=\"font-size: 16px;\">Si eres un estudiante motivado, creativo, \u00a1esperamos recibir tu solicitud!<\/li><\/ul>\t\t\t\t\t\t<\/div>\n\t\t\t\t<\/div>\n\t\t\t\t\t<\/div>\n\t\t<\/div>\n\t\t\t\t\t\t\t<\/div>\n\t\t<\/section>\n\t\t\t\t<section class=\"elementor-section elementor-top-section elementor-element elementor-element-ff67b9a elementor-section-boxed elementor-section-height-default elementor-section-height-default\" data-id=\"ff67b9a\" data-element_type=\"section\">\n\t\t\t\t\t\t<div class=\"elementor-container elementor-column-gap-default\">\n\t\t\t\t\t<div class=\"elementor-column elementor-col-100 elementor-top-column elementor-element elementor-element-93e42c4\" data-id=\"93e42c4\" data-element_type=\"column\">\n\t\t\t<div class=\"elementor-widget-wrap elementor-element-populated\">\n\t\t\t\t\t\t\t\t<div class=\"elementor-element elementor-element-e8b3d98 elementor-widget elementor-widget-text-editor\" data-id=\"e8b3d98\" data-element_type=\"widget\" data-widget_type=\"text-editor.default\">\n\t\t\t\t<div class=\"elementor-widget-container\">\n\t\t\t\t\t\t\t<p style=\"text-align: center;\"><i style=\"color: #ffffff; font-size: 16px; font-weight: 600; text-align: center;\">Enviar tu CV a: cv@turhdeconfianza.com<br><\/i><span style=\"color: #ffffff; font-size: 16px; font-weight: 600; text-align: center;\">Asunto correo: Nombre de la vacante, incluir nombre completo<\/span><\/p>\t\t\t\t\t\t<\/div>\n\t\t\t\t<\/div>\n\t\t\t\t<div class=\"elementor-element elementor-element-5b58259 elementor-align-center elementor-widget elementor-widget-button\" data-id=\"5b58259\" data-element_type=\"widget\" data-widget_type=\"button.default\">\n\t\t\t\t<div class=\"elementor-widget-container\">\n\t\t\t\t\t<div class=\"elementor-button-wrapper\">\n\t\t\t<a class=\"elementor-button elementor-button-link elementor-size-sm\" href=\"https:\/\/turhdeconfianza.com\/index.php\/vacantes\/\">\n\t\t\t\t\t\t<span class=\"elementor-button-content-wrapper\">\n\t\t\t\t\t\t<span class=\"elementor-button-text\">CONT\u00c1CTANOS<\/span>\n\t\t<\/span>\n\t\t\t\t\t<\/a>\n\t\t<\/div>\n\t\t\t\t<\/div>\n\t\t\t\t<\/div>\n\t\t\t\t\t<\/div>\n\t\t<\/div>\n\t\t\t\t\t\t\t<\/div>\n\t\t<\/section>\n\t\t\t\t\t\t\t<\/div>\n\t\t","protected":false},"excerpt":{"rendered":"<p>Community Manager(Medio Tiempo &#8211; H\u00edbrido) Empresa confidencial\u00a0 Empresa l\u00edder con 5 a\u00f1os de experiencia en el campo de la innovaci\u00f3n y estrategia digital. Nos enorgullecemos de crear soluciones vanguardistas para nuestros clientes, impulsando su presencia en l\u00ednea y creando conexiones significativas con su audiencia. Cont\u00e1ctanos Requisitos Estudiantes activos de 4to semestre en adelante en carreras &hellip;<\/p>\n<p class=\"read-more\"> <a class=\"\" href=\"https:\/\/turhdeconfianza.com\/index.php\/vacante-community-manager\/\"> <span class=\"screen-reader-text\">Vacante Community Manager<\/span> Read More &raquo;<\/a><\/p>\n","protected":false},"author":1,"featured_media":0,"parent":0,"menu_order":0,"comment_status":"closed","ping_status":"closed","template":"","meta":{"om_disable_all_campaigns":false,"_mi_skip_tracking":false,"_monsterinsights_sitenote_active":false,"_monsterinsights_sitenote_note":"","_monsterinsights_sitenote_category":0,"site-sidebar-layout":"no-sidebar","site-content-layout":"page-builder","ast-global-header-display":"","ast-main-header-display":"","ast-hfb-above-header-display":"","ast-hfb-below-header-display":"","ast-hfb-mobile-header-display":"","site-post-title":"disabled","ast-breadcrumbs-content":"","ast-featured-img":"disabled","footer-sml-layout":"","theme-transparent-header-meta":"","adv-header-id-meta":"","stick-header-meta":"","header-above-stick-meta":"","header-main-stick-meta":"","header-below-stick-meta":"","footnotes":""},"class_list":["post-1050","page","type-page","status-publish","hentry"],"aioseo_notices":[],"_links":{"self":[{"href":"https:\/\/turhdeconfianza.com\/index.php\/wp-json\/wp\/v2\/pages\/1050","targetHints":{"allow":["GET"]}}],"collection":[{"href":"https:\/\/turhdeconfianza.com\/index.php\/wp-json\/wp\/v2\/pages"}],"about":[{"href":"https:\/\/turhdeconfianza.com\/index.php\/wp-json\/wp\/v2\/types\/page"}],"author":[{"embeddable":true,"href":"https:\/\/turhdeconfianza.com\/index.php\/wp-json\/wp\/v2\/users\/1"}],"replies":[{"embeddable":true,"href":"https:\/\/turhdeconfianza.com\/index.php\/wp-json\/wp\/v2\/comments?post=1050"}],"version-history":[{"count":41,"href":"https:\/\/turhdeconfianza.com\/index.php\/wp-json\/wp\/v2\/pages\/1050\/revisions"}],"predecessor-version":[{"id":1259,"href":"https:\/\/turhdeconfianza.com\/index.php\/wp-json\/wp\/v2\/pages\/1050\/revisions\/1259"}],"wp:attachment":[{"href":"https:\/\/turhdeconfianza.com\/index.php\/wp-json\/wp\/v2\/media?parent=1050"}],"curies":[{"name":"wp","href":"https:\/\/api.w.org\/{rel}","templated":true}]}}