{"id":1096,"date":"2023-08-12T16:07:44","date_gmt":"2023-08-12T16:07:44","guid":{"rendered":"https:\/\/turhdeconfianza.com\/?page_id=1096"},"modified":"2023-08-30T22:51:07","modified_gmt":"2023-08-30T22:51:07","slug":"vacante-contadora","status":"publish","type":"page","link":"https:\/\/turhdeconfianza.com\/index.php\/vacante-contadora\/","title":{"rendered":"Vacante Contador(a)"},"content":{"rendered":"\t\t<div data-elementor-type=\"wp-page\" data-elementor-id=\"1096\" class=\"elementor elementor-1096\">\n\t\t\t\t\t\t\t\t\t<section class=\"elementor-section elementor-top-section elementor-element elementor-element-20ba7803 elementor-section-content-middle elementor-section-boxed elementor-section-height-default elementor-section-height-default\" data-id=\"20ba7803\" data-element_type=\"section\">\n\t\t\t\t\t\t<div class=\"elementor-container elementor-column-gap-no\">\n\t\t\t\t\t<div class=\"elementor-column elementor-col-100 elementor-top-column elementor-element elementor-element-882d21a\" data-id=\"882d21a\" data-element_type=\"column\">\n\t\t\t<div class=\"elementor-widget-wrap elementor-element-populated\">\n\t\t\t\t\t\t\t\t<div class=\"elementor-element elementor-element-22a08c97 elementor-widget elementor-widget-heading\" data-id=\"22a08c97\" data-element_type=\"widget\" data-widget_type=\"heading.default\">\n\t\t\t\t<div class=\"elementor-widget-container\">\n\t\t\t<style>\/*! elementor - v3.15.0 - 20-08-2023 *\/\n.elementor-heading-title{padding:0;margin:0;line-height:1}.elementor-widget-heading .elementor-heading-title[class*=elementor-size-]>a{color:inherit;font-size:inherit;line-height:inherit}.elementor-widget-heading .elementor-heading-title.elementor-size-small{font-size:15px}.elementor-widget-heading .elementor-heading-title.elementor-size-medium{font-size:19px}.elementor-widget-heading .elementor-heading-title.elementor-size-large{font-size:29px}.elementor-widget-heading .elementor-heading-title.elementor-size-xl{font-size:39px}.elementor-widget-heading .elementor-heading-title.elementor-size-xxl{font-size:59px}<\/style><h1 class=\"elementor-heading-title elementor-size-default\">Contador(a)\n(Tiempo completo)<\/h1>\t\t<\/div>\n\t\t\t\t<\/div>\n\t\t\t\t<div class=\"elementor-element elementor-element-67debe39 elementor-widget elementor-widget-text-editor\" data-id=\"67debe39\" data-element_type=\"widget\" data-widget_type=\"text-editor.default\">\n\t\t\t\t<div class=\"elementor-widget-container\">\n\t\t\t<style>\/*! elementor - v3.15.0 - 20-08-2023 *\/\n.elementor-widget-text-editor.elementor-drop-cap-view-stacked .elementor-drop-cap{background-color:#69727d;color:#fff}.elementor-widget-text-editor.elementor-drop-cap-view-framed .elementor-drop-cap{color:#69727d;border:3px solid;background-color:transparent}.elementor-widget-text-editor:not(.elementor-drop-cap-view-default) .elementor-drop-cap{margin-top:8px}.elementor-widget-text-editor:not(.elementor-drop-cap-view-default) .elementor-drop-cap-letter{width:1em;height:1em}.elementor-widget-text-editor .elementor-drop-cap{float:left;text-align:center;line-height:1;font-size:50px}.elementor-widget-text-editor .elementor-drop-cap-letter{display:inline-block}<\/style>\t\t\t\t<p style=\"text-align: center;\">Empresa confidencial\u00a0<\/p><p>Se encuentra en constante crecimiento se encuentra en b\u00fasqueda de un contador altamente competente para unirse a su equipo. En un entorno desafiante, esta es una oportunidad para aplicar habilidades contables en un ambiente din\u00e1mico.<\/p>\t\t\t\t\t\t<\/div>\n\t\t\t\t<\/div>\n\t\t\t\t<div class=\"elementor-element elementor-element-30f55fe5 elementor-align-center elementor-widget elementor-widget-button\" data-id=\"30f55fe5\" data-element_type=\"widget\" data-widget_type=\"button.default\">\n\t\t\t\t<div class=\"elementor-widget-container\">\n\t\t\t\t\t<div class=\"elementor-button-wrapper\">\n\t\t\t<a class=\"elementor-button elementor-button-link elementor-size-sm\" href=\"https:\/\/turhdeconfianza.com\/index.php\/vacantes\/\">\n\t\t\t\t\t\t<span class=\"elementor-button-content-wrapper\">\n\t\t\t\t\t\t<span class=\"elementor-button-text\">Cont\u00e1ctanos<\/span>\n\t\t<\/span>\n\t\t\t\t\t<\/a>\n\t\t<\/div>\n\t\t\t\t<\/div>\n\t\t\t\t<\/div>\n\t\t\t\t\t<\/div>\n\t\t<\/div>\n\t\t\t\t\t\t\t<\/div>\n\t\t<\/section>\n\t\t\t\t<section class=\"elementor-section elementor-top-section elementor-element elementor-element-55d2a365 elementor-section-full_width elementor-section-content-middle elementor-section-height-default elementor-section-height-default\" data-id=\"55d2a365\" data-element_type=\"section\" data-settings=\"{&quot;background_background&quot;:&quot;classic&quot;}\">\n\t\t\t\t\t\t<div class=\"elementor-container elementor-column-gap-no\">\n\t\t\t\t\t<div class=\"elementor-column elementor-col-50 elementor-top-column elementor-element elementor-element-2171d584\" data-id=\"2171d584\" data-element_type=\"column\" data-settings=\"{&quot;background_background&quot;:&quot;classic&quot;}\">\n\t\t\t<div class=\"elementor-widget-wrap\">\n\t\t\t\t\t<div class=\"elementor-background-overlay\"><\/div>\n\t\t\t\t\t\t\t\t\t<\/div>\n\t\t<\/div>\n\t\t\t\t<div class=\"elementor-column elementor-col-50 elementor-top-column elementor-element elementor-element-2be52cd8\" data-id=\"2be52cd8\" data-element_type=\"column\">\n\t\t\t<div class=\"elementor-widget-wrap elementor-element-populated\">\n\t\t\t\t\t\t\t\t<div class=\"elementor-element elementor-element-171ea224 elementor-widget elementor-widget-heading\" data-id=\"171ea224\" data-element_type=\"widget\" data-widget_type=\"heading.default\">\n\t\t\t\t<div class=\"elementor-widget-container\">\n\t\t\t<h4 class=\"elementor-heading-title elementor-size-default\">Requisitos<\/h4>\t\t<\/div>\n\t\t\t\t<\/div>\n\t\t\t\t<div class=\"elementor-element elementor-element-2d03cc4f elementor-widget elementor-widget-text-editor\" data-id=\"2d03cc4f\" data-element_type=\"widget\" data-widget_type=\"text-editor.default\">\n\t\t\t\t<div class=\"elementor-widget-container\">\n\t\t\t\t\t\t\t<ul><li>Profesionales titulados o estudiantes avanzados en Contadur\u00eda P\u00fablica o campos relacionados.<\/li><li>Conocimiento s\u00f3lido de los principios contables y las normativas fiscales vigentes.<\/li><li>Experiencia en el manejo de registros financieros, conciliaciones y elaboraci\u00f3n de reportes contables.<\/li><li>Destreza en trabajar con precisi\u00f3n y atenci\u00f3n al detalle.<\/li><li>Competencia en la utilizaci\u00f3n de herramientas de software contable y paquetes de oficina.<\/li><li>Habilidades de comunicaci\u00f3n efectiva y capacidad para trabajar en equipo.<\/li><\/ul>\t\t\t\t\t\t<\/div>\n\t\t\t\t<\/div>\n\t\t\t\t\t<\/div>\n\t\t<\/div>\n\t\t\t\t\t\t\t<\/div>\n\t\t<\/section>\n\t\t\t\t<section class=\"elementor-section elementor-top-section elementor-element elementor-element-55567e74 elementor-section-full_width elementor-section-content-middle elementor-section-height-default elementor-section-height-default\" data-id=\"55567e74\" data-element_type=\"section\" data-settings=\"{&quot;background_background&quot;:&quot;classic&quot;}\">\n\t\t\t\t\t\t<div class=\"elementor-container elementor-column-gap-no\">\n\t\t\t\t\t<div class=\"elementor-column elementor-col-50 elementor-top-column elementor-element elementor-element-25a3bcb2\" data-id=\"25a3bcb2\" data-element_type=\"column\">\n\t\t\t<div class=\"elementor-widget-wrap elementor-element-populated\">\n\t\t\t\t\t\t\t\t<div class=\"elementor-element elementor-element-2a44b0e elementor-widget elementor-widget-heading\" data-id=\"2a44b0e\" data-element_type=\"widget\" data-widget_type=\"heading.default\">\n\t\t\t\t<div class=\"elementor-widget-container\">\n\t\t\t<h2 class=\"elementor-heading-title elementor-size-default\">Responsabilidades<\/h2>\t\t<\/div>\n\t\t\t\t<\/div>\n\t\t\t\t<div class=\"elementor-element elementor-element-3f8ce719 elementor-widget elementor-widget-text-editor\" data-id=\"3f8ce719\" data-element_type=\"widget\" data-widget_type=\"text-editor.default\">\n\t\t\t\t<div class=\"elementor-widget-container\">\n\t\t\t\t\t\t\t<ul><li>Mantener registros contables precisos y actualizados de las transacciones financieras.<\/li><li>Llevar a cabo conciliaciones bancarias y gestiona cuentas por cobrar y cuentas por pagar.<\/li><li>Preparar informes financieros, balances y estados de resultados.<\/li><li>Colaborar en la preparaci\u00f3n y presentaci\u00f3n de declaraciones fiscales y otros requerimientos legales.<\/li><li>Contribuir en la planificaci\u00f3n y seguimiento del presupuesto financiero.<\/li><li>Identificar oportunidades para mejorar los procesos contables y financieros.<\/li><\/ul>\t\t\t\t\t\t<\/div>\n\t\t\t\t<\/div>\n\t\t\t\t\t<\/div>\n\t\t<\/div>\n\t\t\t\t<div class=\"elementor-column elementor-col-50 elementor-top-column elementor-element elementor-element-f7ee39b\" data-id=\"f7ee39b\" data-element_type=\"column\">\n\t\t\t<div class=\"elementor-widget-wrap elementor-element-populated\">\n\t\t\t\t\t\t\t\t<div class=\"elementor-element elementor-element-bb79e28 elementor-widget elementor-widget-heading\" data-id=\"bb79e28\" data-element_type=\"widget\" data-widget_type=\"heading.default\">\n\t\t\t\t<div class=\"elementor-widget-container\">\n\t\t\t<h2 class=\"elementor-heading-title elementor-size-default\">Ofrecemos<\/h2>\t\t<\/div>\n\t\t\t\t<\/div>\n\t\t\t\t<div class=\"elementor-element elementor-element-b007349 elementor-widget elementor-widget-text-editor\" data-id=\"b007349\" data-element_type=\"widget\" data-widget_type=\"text-editor.default\">\n\t\t\t\t<div class=\"elementor-widget-container\">\n\t\t\t\t\t\t\t<ul style=\"font-size: 16px; font-style: normal; font-weight: 600;\"><li style=\"font-size: 16px; font-style: normal; font-weight: 600;\">Oportunidad de adquirir experiencia pr\u00e1ctica en el campo de la estrategia y gesti\u00f3n de redes sociales.<\/li><li style=\"font-size: 16px; font-style: normal; font-weight: 600;\">Entorno de trabajo flexible y din\u00e1mico, con la posibilidad de trabajo h\u00edbrido (oficina y home office).<\/li><li style=\"font-size: 16px; font-style: normal; font-weight: 600;\">Colaboraci\u00f3n con un equipo apasionado y comprometido en un ambiente de aprendizaje continuo.<\/li><li style=\"font-size: 16px; font-style: normal; font-weight: 600;\">Posibilidad de crecimiento y desarrollo profesional a medida que contribuyes al \u00e9xito de la empresa.<\/li><li style=\"font-size: 16px;\">Favor de enviar el curr\u00edculum.<\/li><\/ul>\t\t\t\t\t\t<\/div>\n\t\t\t\t<\/div>\n\t\t\t\t\t<\/div>\n\t\t<\/div>\n\t\t\t\t\t\t\t<\/div>\n\t\t<\/section>\n\t\t\t\t<section class=\"elementor-section elementor-top-section elementor-element elementor-element-f5b3f9d elementor-section-boxed elementor-section-height-default elementor-section-height-default\" data-id=\"f5b3f9d\" data-element_type=\"section\">\n\t\t\t\t\t\t<div class=\"elementor-container elementor-column-gap-default\">\n\t\t\t\t\t<div class=\"elementor-column elementor-col-100 elementor-top-column elementor-element elementor-element-7ae32d4\" data-id=\"7ae32d4\" data-element_type=\"column\">\n\t\t\t<div class=\"elementor-widget-wrap elementor-element-populated\">\n\t\t\t\t\t\t\t\t<div class=\"elementor-element elementor-element-fc5e21b elementor-widget elementor-widget-text-editor\" data-id=\"fc5e21b\" data-element_type=\"widget\" data-widget_type=\"text-editor.default\">\n\t\t\t\t<div class=\"elementor-widget-container\">\n\t\t\t\t\t\t\t<p style=\"text-align: center;\"><i style=\"color: #ffffff; font-size: 16px; font-weight: 600; text-align: center;\">Enviar tu CV a: cv@turhdeconfianza.com<br \/><\/i><span style=\"color: #ffffff; font-size: 16px; font-weight: 600; text-align: center;\">Asunto correo: Nombre de la vacante, incluir nombre completo<\/span><\/p>\t\t\t\t\t\t<\/div>\n\t\t\t\t<\/div>\n\t\t\t\t<div class=\"elementor-element elementor-element-639f8af8 elementor-align-center elementor-widget elementor-widget-button\" data-id=\"639f8af8\" data-element_type=\"widget\" data-widget_type=\"button.default\">\n\t\t\t\t<div class=\"elementor-widget-container\">\n\t\t\t\t\t<div class=\"elementor-button-wrapper\">\n\t\t\t<a class=\"elementor-button elementor-button-link elementor-size-sm\" href=\"https:\/\/turhdeconfianza.com\/index.php\/vacantes\/\">\n\t\t\t\t\t\t<span class=\"elementor-button-content-wrapper\">\n\t\t\t\t\t\t<span class=\"elementor-button-text\">CONT\u00c1CTANOS<\/span>\n\t\t<\/span>\n\t\t\t\t\t<\/a>\n\t\t<\/div>\n\t\t\t\t<\/div>\n\t\t\t\t<\/div>\n\t\t\t\t\t<\/div>\n\t\t<\/div>\n\t\t\t\t\t\t\t<\/div>\n\t\t<\/section>\n\t\t\t\t\t\t\t<\/div>\n\t\t","protected":false},"excerpt":{"rendered":"<p>Contador(a) (Tiempo completo) Empresa confidencial\u00a0 Se encuentra en constante crecimiento se encuentra en b\u00fasqueda de un contador altamente competente para unirse a su equipo. En un entorno desafiante, esta es una oportunidad para aplicar habilidades contables en un ambiente din\u00e1mico. Cont\u00e1ctanos Requisitos Profesionales titulados o estudiantes avanzados en Contadur\u00eda P\u00fablica o campos relacionados. Conocimiento s\u00f3lido &hellip;<\/p>\n<p class=\"read-more\"> <a class=\"\" href=\"https:\/\/turhdeconfianza.com\/index.php\/vacante-contadora\/\"> <span class=\"screen-reader-text\">Vacante Contador(a)<\/span> Read More &raquo;<\/a><\/p>\n","protected":false},"author":1,"featured_media":0,"parent":0,"menu_order":0,"comment_status":"closed","ping_status":"closed","template":"","meta":{"om_disable_all_campaigns":false,"_mi_skip_tracking":false,"_monsterinsights_sitenote_active":false,"_monsterinsights_sitenote_note":"","_monsterinsights_sitenote_category":0,"site-sidebar-layout":"no-sidebar","site-content-layout":"page-builder","ast-global-header-display":"","ast-main-header-display":"","ast-hfb-above-header-display":"","ast-hfb-below-header-display":"","ast-hfb-mobile-header-display":"","site-post-title":"disabled","ast-breadcrumbs-content":"","ast-featured-img":"disabled","footer-sml-layout":"","theme-transparent-header-meta":"","adv-header-id-meta":"","stick-header-meta":"","header-above-stick-meta":"","header-main-stick-meta":"","header-below-stick-meta":"","footnotes":""},"class_list":["post-1096","page","type-page","status-publish","hentry"],"aioseo_notices":[],"_links":{"self":[{"href":"https:\/\/turhdeconfianza.com\/index.php\/wp-json\/wp\/v2\/pages\/1096","targetHints":{"allow":["GET"]}}],"collection":[{"href":"https:\/\/turhdeconfianza.com\/index.php\/wp-json\/wp\/v2\/pages"}],"about":[{"href":"https:\/\/turhdeconfianza.com\/index.php\/wp-json\/wp\/v2\/types\/page"}],"author":[{"embeddable":true,"href":"https:\/\/turhdeconfianza.com\/index.php\/wp-json\/wp\/v2\/users\/1"}],"replies":[{"embeddable":true,"href":"https:\/\/turhdeconfianza.com\/index.php\/wp-json\/wp\/v2\/comments?post=1096"}],"version-history":[{"count":32,"href":"https:\/\/turhdeconfianza.com\/index.php\/wp-json\/wp\/v2\/pages\/1096\/revisions"}],"predecessor-version":[{"id":1229,"href":"https:\/\/turhdeconfianza.com\/index.php\/wp-json\/wp\/v2\/pages\/1096\/revisions\/1229"}],"wp:attachment":[{"href":"https:\/\/turhdeconfianza.com\/index.php\/wp-json\/wp\/v2\/media?parent=1096"}],"curies":[{"name":"wp","href":"https:\/\/api.w.org\/{rel}","templated":true}]}}