{"id":1128,"date":"2023-08-12T17:32:01","date_gmt":"2023-08-12T17:32:01","guid":{"rendered":"https:\/\/turhdeconfianza.com\/?page_id=1128"},"modified":"2023-08-31T01:27:38","modified_gmt":"2023-08-31T01:27:38","slug":"bilingual-executive-assistant","status":"publish","type":"page","link":"https:\/\/turhdeconfianza.com\/index.php\/bilingual-executive-assistant\/","title":{"rendered":"Vacante Bilingual Executive Assistant"},"content":{"rendered":"\t\t<div data-elementor-type=\"wp-page\" data-elementor-id=\"1128\" class=\"elementor elementor-1128\">\n\t\t\t\t\t\t\t\t\t<section class=\"elementor-section elementor-top-section elementor-element elementor-element-65a3ea8b elementor-section-content-middle elementor-section-boxed elementor-section-height-default elementor-section-height-default\" data-id=\"65a3ea8b\" data-element_type=\"section\">\n\t\t\t\t\t\t<div class=\"elementor-container elementor-column-gap-no\">\n\t\t\t\t\t<div class=\"elementor-column elementor-col-100 elementor-top-column elementor-element elementor-element-5b72c93e\" data-id=\"5b72c93e\" data-element_type=\"column\">\n\t\t\t<div class=\"elementor-widget-wrap elementor-element-populated\">\n\t\t\t\t\t\t\t\t<div class=\"elementor-element elementor-element-3e8c4ceb elementor-widget elementor-widget-heading\" data-id=\"3e8c4ceb\" data-element_type=\"widget\" data-widget_type=\"heading.default\">\n\t\t\t\t<div class=\"elementor-widget-container\">\n\t\t\t<style>\/*! elementor - v3.15.0 - 20-08-2023 *\/\n.elementor-heading-title{padding:0;margin:0;line-height:1}.elementor-widget-heading .elementor-heading-title[class*=elementor-size-]>a{color:inherit;font-size:inherit;line-height:inherit}.elementor-widget-heading .elementor-heading-title.elementor-size-small{font-size:15px}.elementor-widget-heading .elementor-heading-title.elementor-size-medium{font-size:19px}.elementor-widget-heading .elementor-heading-title.elementor-size-large{font-size:29px}.elementor-widget-heading .elementor-heading-title.elementor-size-xl{font-size:39px}.elementor-widget-heading .elementor-heading-title.elementor-size-xxl{font-size:59px}<\/style><h1 class=\"elementor-heading-title elementor-size-default\">Bilingual Executive Assistant\n(Halftime)<\/h1>\t\t<\/div>\n\t\t\t\t<\/div>\n\t\t\t\t<div class=\"elementor-element elementor-element-1b8a30b elementor-widget elementor-widget-text-editor\" data-id=\"1b8a30b\" data-element_type=\"widget\" data-widget_type=\"text-editor.default\">\n\t\t\t\t<div class=\"elementor-widget-container\">\n\t\t\t<style>\/*! elementor - v3.15.0 - 20-08-2023 *\/\n.elementor-widget-text-editor.elementor-drop-cap-view-stacked .elementor-drop-cap{background-color:#69727d;color:#fff}.elementor-widget-text-editor.elementor-drop-cap-view-framed .elementor-drop-cap{color:#69727d;border:3px solid;background-color:transparent}.elementor-widget-text-editor:not(.elementor-drop-cap-view-default) .elementor-drop-cap{margin-top:8px}.elementor-widget-text-editor:not(.elementor-drop-cap-view-default) .elementor-drop-cap-letter{width:1em;height:1em}.elementor-widget-text-editor .elementor-drop-cap{float:left;text-align:center;line-height:1;font-size:50px}.elementor-widget-text-editor .elementor-drop-cap-letter{display:inline-block}<\/style>\t\t\t\t<p style=\"text-align: center;\">Empresa confidencial\u00a0<\/p><p>E<span style=\"font-weight: 300;\">mpresa l\u00edder est\u00e1 en b\u00fasqueda de un Bilingual Executive Assistant altamente competente para unirse a su equipo de trabajo. Si eres apasionado por la organizaci\u00f3n y la asistencia ejecutiva, y deseas contribuir al \u00e9xito de una empresa en crecimiento, \u00a1te invitamos a postularte!<\/span><\/p>\t\t\t\t\t\t<\/div>\n\t\t\t\t<\/div>\n\t\t\t\t<div class=\"elementor-element elementor-element-30f0a334 elementor-align-center elementor-widget elementor-widget-button\" data-id=\"30f0a334\" data-element_type=\"widget\" data-widget_type=\"button.default\">\n\t\t\t\t<div class=\"elementor-widget-container\">\n\t\t\t\t\t<div class=\"elementor-button-wrapper\">\n\t\t\t<a class=\"elementor-button elementor-button-link elementor-size-sm\" href=\"https:\/\/turhdeconfianza.com\/index.php\/vacantes\/\">\n\t\t\t\t\t\t<span class=\"elementor-button-content-wrapper\">\n\t\t\t\t\t\t<span class=\"elementor-button-text\">Cont\u00e1ctanos<\/span>\n\t\t<\/span>\n\t\t\t\t\t<\/a>\n\t\t<\/div>\n\t\t\t\t<\/div>\n\t\t\t\t<\/div>\n\t\t\t\t\t<\/div>\n\t\t<\/div>\n\t\t\t\t\t\t\t<\/div>\n\t\t<\/section>\n\t\t\t\t<section class=\"elementor-section elementor-top-section elementor-element elementor-element-6f588e6e elementor-section-full_width elementor-section-content-middle elementor-section-height-default elementor-section-height-default\" data-id=\"6f588e6e\" data-element_type=\"section\" data-settings=\"{&quot;background_background&quot;:&quot;classic&quot;}\">\n\t\t\t\t\t\t<div class=\"elementor-container elementor-column-gap-no\">\n\t\t\t\t\t<div class=\"elementor-column elementor-col-50 elementor-top-column elementor-element elementor-element-4c638fe8\" data-id=\"4c638fe8\" data-element_type=\"column\" data-settings=\"{&quot;background_background&quot;:&quot;classic&quot;}\">\n\t\t\t<div class=\"elementor-widget-wrap\">\n\t\t\t\t\t<div class=\"elementor-background-overlay\"><\/div>\n\t\t\t\t\t\t\t\t\t<\/div>\n\t\t<\/div>\n\t\t\t\t<div class=\"elementor-column elementor-col-50 elementor-top-column elementor-element elementor-element-35fdffa0\" data-id=\"35fdffa0\" data-element_type=\"column\">\n\t\t\t<div class=\"elementor-widget-wrap elementor-element-populated\">\n\t\t\t\t\t\t\t\t<div class=\"elementor-element elementor-element-442062c elementor-widget elementor-widget-heading\" data-id=\"442062c\" data-element_type=\"widget\" data-widget_type=\"heading.default\">\n\t\t\t\t<div class=\"elementor-widget-container\">\n\t\t\t<h4 class=\"elementor-heading-title elementor-size-default\">Requisitos<\/h4>\t\t<\/div>\n\t\t\t\t<\/div>\n\t\t\t\t<div class=\"elementor-element elementor-element-dfd8424 elementor-widget elementor-widget-text-editor\" data-id=\"dfd8424\" data-element_type=\"widget\" data-widget_type=\"text-editor.default\">\n\t\t\t\t<div class=\"elementor-widget-container\">\n\t\t\t\t\t\t\t<ul><li>Experiencia previa como asistente ejecutivo o en roles administrativos similares.<\/li><li>Fluidez en ingl\u00e9s y espa\u00f1ol, tanto oral como escrito.<\/li><li>Habilidad para manejar tareas m\u00faltiples y prioridades en un entorno din\u00e1mico.<\/li><li>Destrezas excepcionales de comunicaci\u00f3n y atenci\u00f3n al detalle.<\/li><li>Capacidad para trabajar de manera aut\u00f3noma y colaborativa.<\/li><li>Conocimiento de herramientas de productividad y paquetes de oficina.<\/li><\/ul>\t\t\t\t\t\t<\/div>\n\t\t\t\t<\/div>\n\t\t\t\t\t<\/div>\n\t\t<\/div>\n\t\t\t\t\t\t\t<\/div>\n\t\t<\/section>\n\t\t\t\t<section class=\"elementor-section elementor-top-section elementor-element elementor-element-26f0f806 elementor-section-full_width elementor-section-content-middle elementor-section-height-default elementor-section-height-default\" data-id=\"26f0f806\" data-element_type=\"section\" data-settings=\"{&quot;background_background&quot;:&quot;classic&quot;}\">\n\t\t\t\t\t\t<div class=\"elementor-container elementor-column-gap-no\">\n\t\t\t\t\t<div class=\"elementor-column elementor-col-50 elementor-top-column elementor-element elementor-element-3d414ba7\" data-id=\"3d414ba7\" data-element_type=\"column\">\n\t\t\t<div class=\"elementor-widget-wrap elementor-element-populated\">\n\t\t\t\t\t\t\t\t<div class=\"elementor-element elementor-element-5a3a47bf elementor-widget elementor-widget-heading\" data-id=\"5a3a47bf\" data-element_type=\"widget\" data-widget_type=\"heading.default\">\n\t\t\t\t<div class=\"elementor-widget-container\">\n\t\t\t<h3 class=\"elementor-heading-title elementor-size-default\">Responsabilidades<\/h3>\t\t<\/div>\n\t\t\t\t<\/div>\n\t\t\t\t<div class=\"elementor-element elementor-element-547111d elementor-widget elementor-widget-text-editor\" data-id=\"547111d\" data-element_type=\"widget\" data-widget_type=\"text-editor.default\">\n\t\t\t\t<div class=\"elementor-widget-container\">\n\t\t\t\t\t\t\t<ul><li>Brindar apoyo administrativo y organizativo a la alta direcci\u00f3n.<\/li><li>Coordinar reuniones, agendar citas y gestionar la agenda ejecutiva.<\/li><li>Preparar y revisar documentos, informes y presentaciones.<\/li><li>Gestionar comunicaciones internas y externas en ingl\u00e9s y espa\u00f1ol.<\/li><li>Realizar investigaciones y an\u00e1lisis seg\u00fan sea necesario.<\/li><li>Manejar informaci\u00f3n confidencial con la m\u00e1xima discreci\u00f3n.<\/li><li>Facilitar la log\u00edstica de viajes y eventos empresariales.<\/li><\/ul>\t\t\t\t\t\t<\/div>\n\t\t\t\t<\/div>\n\t\t\t\t\t<\/div>\n\t\t<\/div>\n\t\t\t\t<div class=\"elementor-column elementor-col-50 elementor-top-column elementor-element elementor-element-36be4764\" data-id=\"36be4764\" data-element_type=\"column\">\n\t\t\t<div class=\"elementor-widget-wrap elementor-element-populated\">\n\t\t\t\t\t\t\t\t<div class=\"elementor-element elementor-element-4f941aba elementor-widget elementor-widget-heading\" data-id=\"4f941aba\" data-element_type=\"widget\" data-widget_type=\"heading.default\">\n\t\t\t\t<div class=\"elementor-widget-container\">\n\t\t\t<h3 class=\"elementor-heading-title elementor-size-default\">Ofrecemos<\/h3>\t\t<\/div>\n\t\t\t\t<\/div>\n\t\t\t\t<div class=\"elementor-element elementor-element-6e902f58 elementor-widget elementor-widget-text-editor\" data-id=\"6e902f58\" data-element_type=\"widget\" data-widget_type=\"text-editor.default\">\n\t\t\t\t<div class=\"elementor-widget-container\">\n\t\t\t\t\t\t\t<ul>\n<li><li>Oportunidad de formar parte de un equipo din\u00e1mico y colaborativo.<\/li><li>Participaci\u00f3n en proyectos que impactan positivamente en el crecimiento de la empresa.<\/li><li>Entorno de trabajo estimulante que fomenta el desarrollo profesional.<\/li><li>Posibilidad de aprendizaje continuo y crecimiento en un entorno en constante evoluci\u00f3n.<\/li><\/li>\n<\/ul>\t\t\t\t\t\t<\/div>\n\t\t\t\t<\/div>\n\t\t\t\t\t<\/div>\n\t\t<\/div>\n\t\t\t\t\t\t\t<\/div>\n\t\t<\/section>\n\t\t\t\t<section class=\"elementor-section elementor-top-section elementor-element elementor-element-92c67da elementor-section-boxed elementor-section-height-default elementor-section-height-default\" data-id=\"92c67da\" data-element_type=\"section\">\n\t\t\t\t\t\t<div class=\"elementor-container elementor-column-gap-default\">\n\t\t\t\t\t<div class=\"elementor-column elementor-col-100 elementor-top-column elementor-element elementor-element-00da1e7\" data-id=\"00da1e7\" data-element_type=\"column\">\n\t\t\t<div class=\"elementor-widget-wrap elementor-element-populated\">\n\t\t\t\t\t\t\t\t<div class=\"elementor-element elementor-element-5cef4a4 elementor-widget elementor-widget-text-editor\" data-id=\"5cef4a4\" data-element_type=\"widget\" data-widget_type=\"text-editor.default\">\n\t\t\t\t<div class=\"elementor-widget-container\">\n\t\t\t\t\t\t\t<p style=\"text-align: center;\"><i style=\"color: #ffffff; font-size: 16px; font-weight: 600; text-align: center;\">Enviar tu CV a: cv@turhdeconfianza.com<br \/><\/i><span style=\"color: #ffffff; font-size: 16px; font-weight: 600; text-align: center;\">Asunto correo: Nombre de la vacante, incluir nombre completo<\/span><\/p>\t\t\t\t\t\t<\/div>\n\t\t\t\t<\/div>\n\t\t\t\t<div class=\"elementor-element elementor-element-035ea8a elementor-align-center elementor-widget elementor-widget-button\" data-id=\"035ea8a\" data-element_type=\"widget\" data-widget_type=\"button.default\">\n\t\t\t\t<div class=\"elementor-widget-container\">\n\t\t\t\t\t<div class=\"elementor-button-wrapper\">\n\t\t\t<a class=\"elementor-button elementor-button-link elementor-size-sm\" href=\"https:\/\/turhdeconfianza.com\/index.php\/vacantes\/\">\n\t\t\t\t\t\t<span class=\"elementor-button-content-wrapper\">\n\t\t\t\t\t\t<span class=\"elementor-button-text\">CONT\u00c1CTANOS<\/span>\n\t\t<\/span>\n\t\t\t\t\t<\/a>\n\t\t<\/div>\n\t\t\t\t<\/div>\n\t\t\t\t<\/div>\n\t\t\t\t\t<\/div>\n\t\t<\/div>\n\t\t\t\t\t\t\t<\/div>\n\t\t<\/section>\n\t\t\t\t\t\t\t<\/div>\n\t\t","protected":false},"excerpt":{"rendered":"<p>Bilingual Executive Assistant (Halftime) Empresa confidencial\u00a0 Empresa l\u00edder est\u00e1 en b\u00fasqueda de un Bilingual Executive Assistant altamente competente para unirse a su equipo de trabajo. Si eres apasionado por la organizaci\u00f3n y la asistencia ejecutiva, y deseas contribuir al \u00e9xito de una empresa en crecimiento, \u00a1te invitamos a postularte! Cont\u00e1ctanos Requisitos Experiencia previa como asistente &hellip;<\/p>\n<p class=\"read-more\"> <a class=\"\" href=\"https:\/\/turhdeconfianza.com\/index.php\/bilingual-executive-assistant\/\"> <span class=\"screen-reader-text\">Vacante Bilingual Executive Assistant<\/span> Read More &raquo;<\/a><\/p>\n","protected":false},"author":1,"featured_media":0,"parent":0,"menu_order":0,"comment_status":"closed","ping_status":"closed","template":"","meta":{"om_disable_all_campaigns":false,"_mi_skip_tracking":false,"_monsterinsights_sitenote_active":false,"_monsterinsights_sitenote_note":"","_monsterinsights_sitenote_category":0,"site-sidebar-layout":"no-sidebar","site-content-layout":"page-builder","ast-global-header-display":"","ast-main-header-display":"","ast-hfb-above-header-display":"","ast-hfb-below-header-display":"","ast-hfb-mobile-header-display":"","site-post-title":"disabled","ast-breadcrumbs-content":"","ast-featured-img":"disabled","footer-sml-layout":"","theme-transparent-header-meta":"","adv-header-id-meta":"","stick-header-meta":"","header-above-stick-meta":"","header-main-stick-meta":"","header-below-stick-meta":"","footnotes":""},"class_list":["post-1128","page","type-page","status-publish","hentry"],"aioseo_notices":[],"_links":{"self":[{"href":"https:\/\/turhdeconfianza.com\/index.php\/wp-json\/wp\/v2\/pages\/1128","targetHints":{"allow":["GET"]}}],"collection":[{"href":"https:\/\/turhdeconfianza.com\/index.php\/wp-json\/wp\/v2\/pages"}],"about":[{"href":"https:\/\/turhdeconfianza.com\/index.php\/wp-json\/wp\/v2\/types\/page"}],"author":[{"embeddable":true,"href":"https:\/\/turhdeconfianza.com\/index.php\/wp-json\/wp\/v2\/users\/1"}],"replies":[{"embeddable":true,"href":"https:\/\/turhdeconfianza.com\/index.php\/wp-json\/wp\/v2\/comments?post=1128"}],"version-history":[{"count":13,"href":"https:\/\/turhdeconfianza.com\/index.php\/wp-json\/wp\/v2\/pages\/1128\/revisions"}],"predecessor-version":[{"id":1262,"href":"https:\/\/turhdeconfianza.com\/index.php\/wp-json\/wp\/v2\/pages\/1128\/revisions\/1262"}],"wp:attachment":[{"href":"https:\/\/turhdeconfianza.com\/index.php\/wp-json\/wp\/v2\/media?parent=1128"}],"curies":[{"name":"wp","href":"https:\/\/api.w.org\/{rel}","templated":true}]}}